{"id":22,"date":"2026-04-21T04:32:53","date_gmt":"2026-04-21T04:32:53","guid":{"rendered":"https:\/\/xoilacs3.tv\/?page_id=22"},"modified":"2026-04-22T11:45:30","modified_gmt":"2026-04-22T11:45:30","slug":"top-ghi-ban","status":"publish","type":"page","link":"https:\/\/xoilacs3.tv\/top-ghi-ban\/","title":{"rendered":"Top Ghi B\u00e0n"},"content":{"rendered":"\n<div class=\"xl-premium-header\">\r\n    <div class=\"xl-main-inner\">\r\n        \r\n        <div class=\"xl-top-bar\">\r\n            <div class=\"xl-badge-verified\">\r\n                <span class=\"xl-tick\">\u2726<\/span> N\u1ed9i dung chuy\u00ean gia Xoilac TV \u0111\u00e3 ki\u1ec3m duy\u1ec7t\r\n            <\/div>\r\n            <div class=\"xl-countdown\" id=\"wc-countdown-v5\">\r\n                <span class=\"xl-cd-text\">WORLD CUP 2026:<\/span>\r\n                <b id=\"days-v5\">00<\/b><small>d<\/small>\r\n                <b id=\"hours-v5\">00<\/b><small>h<\/small>\r\n            <\/div>\r\n        <\/div>\r\n\r\n        <h1 id=\"xl-auto-title-v5\" class=\"xl-h1-premium\">\u0110ang t\u1ea3i ti\u00eau \u0111\u1ec1...<\/h1>\r\n\r\n        <div class=\"xl-eeat-card\">\r\n            <div class=\"xl-author-meta\">\r\n                <div class=\"xl-auth-avatar\">XL<\/div>\r\n                <div class=\"xl-auth-info\">\r\n                    <div class=\"xl-auth-name\">Ban Bi\u00ean T\u1eadp Xoilac TV<\/div>\r\n                    <div class=\"xl-auth-date\">C\u1eadp nh\u1eadt m\u1edbi nh\u1ea5t: <span id=\"xl-current-date-v5\"><\/span><\/div>\r\n                <\/div>\r\n            <\/div>\r\n            \r\n            <div class=\"xl-social-container\">\r\n                <span class=\"xl-share-label\">CHIA S\u1eba B\u00c0I VI\u1ebeT:<\/span>\r\n                <div class=\"xl-share-grid\">\r\n                    <a href=\"javascript:void(0)\" onclick=\"shareSoc('facebook')\" class=\"s-btn\" title=\"Facebook\">\r\n                        <svg viewBox=\"0 0 24 24\"><path fill=\"#fff\" d=\"M24 12.073c0-6.627-5.373-12-12-12s-12 5.373-12 12c0 5.99 4.388 10.954 10.125 11.854V15.468H7.078v-3.395h3.047V9.445c0-3.007 1.792-4.669 4.533-4.669 1.312 0 2.686.235 2.686.235v2.953H15.83c-1.491 0-1.956.925-1.956 1.874v2.25h3.328l-.532 3.395h-2.796v8.459C19.612 23.027 24 18.062 24 12.073z\"\/><\/svg>\r\n                    <\/a>\r\n                    <a href=\"javascript:void(0)\" onclick=\"shareSoc('messenger')\" class=\"s-btn\" title=\"Messenger\">\r\n                        <svg viewBox=\"0 0 24 24\"><path fill=\"#fff\" d=\"M12 0C5.463 0 0 4.966 0 11.092c0 3.488 1.761 6.59 4.512 8.483V24l4.212-2.31c1.037.288 2.138.441 3.276.441 6.537 0 12-4.966 12-11.092S18.537 0 12 0zm1.3 14.542l-3.313-3.535-6.467 3.535 7.114-7.551 3.313 3.535 6.467-3.535-7.114 7.551z\"\/><\/svg>\r\n                    <\/a>\r\n                    <a href=\"javascript:void(0)\" onclick=\"shareSoc('zalo')\" class=\"s-btn\" title=\"Zalo\" style=\"background:#0068ff; color:#fff; font-size:10px; font-weight:900;\">ZALO<\/a>\r\n                    <a href=\"javascript:void(0)\" onclick=\"shareSoc('telegram')\" class=\"s-btn\" title=\"Telegram\">\r\n                        <svg viewBox=\"0 0 24 24\"><path fill=\"#fff\" d=\"M12 0C5.373 0 0 5.373 0 12s5.373 12 12 12 12-5.373 12-12S18.627 0 12 0zm5.894 8.221l-1.97 9.28c-.145.658-.537.818-1.084.508l-3-2.21-1.446 1.394c-.14.14-.307.28-.595.28l.192-2.933 5.338-4.82c.232-.206-.05-.32-.357-.117l-6.6 4.152-2.845-.89c-.617-.193-.632-.617.13-.914l11.135-4.292c.516-.188.965.12.836.722z\"\/><\/svg>\r\n                    <\/a>\r\n                    <a href=\"javascript:void(0)\" onclick=\"shareSoc('twitter')\" class=\"s-btn\" title=\"X (Twitter)\">\r\n                        <svg viewBox=\"0 0 24 24\"><path fill=\"#fff\" d=\"M18.244 2.25h3.308l-7.227 8.26 8.502 11.24H16.17l-5.214-6.817L4.99 21.75H1.68l7.73-8.835L1.254 2.25H8.08l4.713 6.231zm-1.161 17.52h1.833L7.084 4.126H5.117z\"\/><\/svg>\r\n                    <\/a>\r\n                    <a href=\"javascript:void(0)\" onclick=\"shareSoc('whatsapp')\" class=\"s-btn\" title=\"WhatsApp\">\r\n                        <svg viewBox=\"0 0 24 24\"><path fill=\"#fff\" d=\"M17.472 14.382c-.297-.149-1.758-.867-2.03-.967-.273-.099-.471-.148-.67.15-.197.297-.767.966-.94 1.164-.173.199-.347.223-.644.075-.297-.15-1.255-.463-2.39-1.475-.883-.788-1.48-1.761-1.653-2.059-.173-.297-.018-.458.13-.606.134-.133.298-.347.446-.52.149-.174.198-.298.298-.497.099-.198.05-.371-.025-.52-.075-.149-.669-1.612-.916-2.207-.242-.579-.487-.5-.669-.51-.173-.008-.371-.01-.57-.01-.198 0-.52.074-.792.372-.272.297-1.04 1.016-1.04 2.479 0 1.462 1.065 2.875 1.213 3.074.149.198 2.096 3.2 5.077 4.487.709.306 1.262.489 1.694.625.712.227 1.36.195 1.871.118.571-.085 1.758-.719 2.006-1.413.248-.694.248-1.289.173-1.413-.074-.124-.272-.198-.57-.347m-5.421 7.403h-.004a9.87 9.87 0 01-5.031-1.378l-.361-.214-3.741.982.998-3.648-.235-.374a9.86 9.86 0 01-1.51-5.26c.001-5.45 4.436-9.884 9.888-9.884 2.64 0 5.122 1.03 6.988 2.898a9.825 9.825 0 012.893 6.994c-.003 5.45-4.437 9.884-9.885 9.884m8.413-18.297A11.815 11.815 0 0012.05 0C5.495 0 .16 5.335.157 11.892c0 2.096.547 4.142 1.588 5.945L.057 24l6.305-1.654a11.882 11.882 0 005.683 1.448h.005c6.554 0 11.89-5.335 11.893-11.893a11.821 11.821 0 00-3.48-8.413z\"\/><\/svg>\r\n                    <\/a>\r\n                    <a href=\"javascript:void(0)\" onclick=\"shareSoc('linkedin')\" class=\"s-btn\" title=\"LinkedIn\">\r\n                        <svg viewBox=\"0 0 24 24\"><path fill=\"#fff\" d=\"M20.447 20.452h-3.554v-5.569c0-1.328-.027-3.037-1.852-3.037-1.853 0-2.136 1.445-2.136 2.939v5.667H9.351V9h3.414v1.561h.046c.477-.9 1.637-1.85 3.37-1.85 3.601 0 4.267 2.37 4.267 5.455v6.286zM5.337 7.433c-1.144 0-2.063-.926-2.063-2.065 0-1.138.92-2.063 2.063-2.063 1.14 0 2.064.925 2.064 2.063 0 1.139-.925 2.065-2.064 2.065zm1.782 13.019H3.555V9h3.564v11.452zM22.225 0H1.771C.792 0 0 .774 0 1.729v20.542C0 23.227.792 24 1.771 24h20.451C23.2 24 24 23.227 24 22.271V1.729C24 .774 23.2 0 22.222 0h.003z\"\/><\/svg>\r\n                    <\/a>\r\n                    <a href=\"javascript:void(0)\" onclick=\"shareSoc('reddit')\" class=\"s-btn\" title=\"Reddit\">\r\n                        <svg viewBox=\"0 0 24 24\"><path fill=\"#fff\" d=\"M12 0A12 12 0 0 0 0 12a12 12 0 0 0 12 12 12 12 0 0 0 12-12A12 12 0 0 0 12 0zm5.01 4.744c.688 0 1.25.561 1.25 1.249a1.25 1.25 0 0 1-2.498.056l-2.597-.547-.8 3.747c1.824.07 3.48.632 4.674 1.488.308-.309.73-.491 1.207-.491.968 0 1.754.786 1.754 1.754 0 .716-.435 1.333-1.056 1.597.04.21.06.422.06.637 0 2.73-3.185 4.951-7.11 4.951-3.925 0-7.11-2.221-7.11-4.952 0-.215.021-.426.06-.636a1.735 1.735 0 0 1-1.057-1.597c0-.968.786-1.754 1.754-1.754.463 0 .875.18 1.179.465 1.196-.834 2.842-1.386 4.649-1.474l.886-4.146c.08-.37.396-.641.77-.641l2.991.631c.101-.312.392-.544.739-.544zM10.115 11.53c-.61 0-1.11.5-1.11 1.11 0 .612.5 1.112 1.11 1.112.612 0 1.113-.5 1.113-1.112 0-.61-.501-1.11-1.113-1.11zm3.77 0c-.612 0-1.112.5-1.112 1.11 0 .612.5 1.112 1.112 1.112.61 0 1.11-.5 1.11-1.112 0-.61-.5-1.11-1.11-1.11zm-4.305 3.32a.333.333 0 0 0-.236.568c.552.553 1.53.79 2.65.79s2.1-.237 2.65-.79a.333.333 0 0 0-.472-.472c-.417.417-1.2.603-2.178.603s-1.76-.186-2.178-.603a.332.332 0 0 0-.236-.099z\"\/><\/svg>\r\n                    <\/a>\r\n                    <a href=\"javascript:void(0)\" onclick=\"shareSoc('pinterest')\" class=\"s-btn\" title=\"Pinterest\">\r\n                        <svg viewBox=\"0 0 24 24\"><path fill=\"#fff\" d=\"M12.017 0C5.396 0 .029 5.367.029 11.987c0 5.079 3.158 9.417 7.618 11.162-.105-.949-.199-2.403.041-3.439.219-.937 1.406-5.965 1.406-5.965s-.359-.719-.359-1.782c0-1.668.967-2.914 2.171-2.914 1.023 0 1.518.769 1.518 1.69 0 1.029-.655 2.568-.994 3.995-.283 1.194.599 2.169 1.777 2.169 2.133 0 3.772-2.249 3.772-5.495 0-2.873-2.064-4.882-5.012-4.882-3.414 0-5.418 2.561-5.418 5.207 0 1.031.397 2.138.893 2.738.098.119.112.224.083.345l-.333 1.36c-.053.22-.174.267-.402.161-1.499-.698-2.436-2.889-2.436-4.649 0-3.785 2.75-7.261 7.929-7.261 4.162 0 7.398 2.967 7.398 6.93 0 4.136-2.607 7.464-6.227 7.464-1.216 0-2.359-.631-2.75-1.378l-.748 2.853c-.271 1.043-1.002 2.35-1.492 3.146 1.124.347 2.317.535 3.554.535 6.607 0 11.985-5.365 11.985-11.987C23.97 5.39 18.592 0 12.017 0z\"\/><\/svg>\r\n                    <\/a>\r\n                    <a href=\"javascript:void(0)\" onclick=\"shareSoc('viber')\" class=\"s-btn\" title=\"Viber\">\r\n                        <svg viewBox=\"0 0 24 24\"><path fill=\"#fff\" d=\"M12.001 0c-6.627 0-12 5.373-12 12s5.373 12 12 12 12-5.373 12-12-5.373-12-12-12zm4.444 16.294c-.218.423-.881.713-1.47.744-.61.03-1.031-.116-2.09-.569a10.835 10.835 0 0 1-3.69-2.583 11.666 11.666 0 0 1-2.583-3.69c-.453-1.059-.599-1.48-.569-2.09.031-.589.32-1.252.744-1.47a.784.784 0 0 1 .843.084c.162.13.344.316.512.484l.848.848a.78.78 0 0 1 .018 1.082l-.462.463c-.118.118-.118.293 0 .412a5.542 5.542 0 0 0 2.228 1.485c.153.056.321.056.412 0l.462-.462a.78.78 0 0 1 1.082.018l.848.848c.168.168.354.35.484.512.203.255.244.577.084.843z\"\/><\/svg>\r\n                    <\/a>\r\n                    <a href=\"javascript:void(0)\" onclick=\"shareSoc('email')\" class=\"s-btn\" title=\"Email\">\r\n                        <svg viewBox=\"0 0 24 24\"><path fill=\"#fff\" d=\"M0 3v18h24V3H0zm21.518 2L12 12.713 2.482 5h19.036zM2 19V7.183l10 8.104 10-8.104V19H2z\"\/><\/svg>\r\n                    <\/a>\r\n                    <a href=\"javascript:void(0)\" onclick=\"copyToClipboard()\" class=\"s-btn cp\" title=\"Copy Link\">\ud83d\udd17<\/a>\r\n                <\/div>\r\n            <\/div>\r\n        <\/div>\r\n\r\n        <nav class=\"xl-toc-v5\">\r\n            <div class=\"xl-toc-v5-head\">\r\n                <span class=\"xl-toc-v5-icon\">\u26bd<\/span> DANH M\u1ee4C N\u1ed8I DUNG CH\u00cdNH\r\n            <\/div>\r\n            <ul id=\"xl-dynamic-toc-list-v5\" class=\"xl-toc-v5-grid\"><\/ul>\r\n        <\/nav>\r\n\r\n    <\/div>\r\n<\/div>\r\n\r\n<script>\r\ndocument.addEventListener(\"DOMContentLoaded\", function() {\r\n    document.getElementById('xl-auto-title-v5').innerText = document.title;\r\n    const now = new Date();\r\n    document.getElementById('xl-current-date-v5').innerText = now.getDate() + '\/' + (now.getMonth() + 1) + '\/' + now.getFullYear();\r\n\r\n    const tocList = document.getElementById('xl-dynamic-toc-list-v5');\r\n    const headers = document.querySelectorAll('h2');\r\n    if (headers.length > 0) {\r\n        headers.forEach((h2, i) => {\r\n            if (!h2.id) h2.id = 'sec-v5-' + i;\r\n            const li = document.createElement('li');\r\n            li.innerHTML = `<a href=\"#${h2.id}\">${h2.innerText}<\/a>`;\r\n            tocList.appendChild(li);\r\n        });\r\n    } else {\r\n        document.querySelector('.xl-toc-v5').style.display = 'none';\r\n    }\r\n\r\n    const target = new Date(\"June 11, 2026 00:00:00\").getTime();\r\n    setInterval(() => {\r\n        const d = target - new Date().getTime();\r\n        if (d > 0) {\r\n            document.getElementById('days-v5').innerText = Math.floor(d \/ (1000 * 60 * 60 * 24));\r\n            document.getElementById('hours-v5').innerText = Math.floor((d % (1000 * 60 * 60 * 24)) \/ (1000 * 60 * 60));\r\n        }\r\n    }, 1000);\r\n});\r\n\r\nfunction shareSoc(platform) {\r\n    const url = encodeURIComponent(window.location.href);\r\n    const title = encodeURIComponent(document.title);\r\n    let shareUrl = '';\r\n    switch(platform) {\r\n        case 'facebook': shareUrl = `https:\/\/www.facebook.com\/sharer\/sharer.php?u=${url}`; break;\r\n        case 'zalo': shareUrl = `https:\/\/zalo.me\/share?url=${url}`; break;\r\n        case 'telegram': shareUrl = `https:\/\/t.me\/share\/url?url=${url}&text=${title}`; break;\r\n        case 'twitter': shareUrl = `https:\/\/twitter.com\/intent\/tweet?url=${url}&text=${title}`; break;\r\n        case 'linkedin': shareUrl = `https:\/\/www.linkedin.com\/sharing\/share-offsite\/?url=${url}`; break;\r\n        case 'whatsapp': shareUrl = `https:\/\/api.whatsapp.com\/send?text=${title}%20${url}`; break;\r\n        case 'reddit': shareUrl = `https:\/\/www.reddit.com\/submit?url=${url}&title=${title}`; break;\r\n        case 'pinterest': shareUrl = `https:\/\/pinterest.com\/pin\/create\/button\/?url=${url}&description=${title}`; break;\r\n        case 'email': shareUrl = `mailto:?subject=${title}&body=${url}`; break;\r\n        case 'messenger': shareUrl = `fb-messenger:\/\/share\/?link=${url}`; break;\r\n    }\r\n    if(shareUrl) window.open(shareUrl, '_blank', 'width=600,height=400');\r\n}\r\n\r\nfunction copyToClipboard() {\r\n    navigator.clipboard.writeText(window.location.href);\r\n    alert(\"\u0110\u00e3 sao ch\u00e9p link b\u00e0i vi\u1ebft!\");\r\n}\r\n<\/script>\r\n\r\n<style>\r\n:root {\r\n    --xl-green: #064e3b;\r\n    --xl-gold: #ffb800;\r\n    --xl-dark: #1a1c1c;\r\n    --xl-card: #232626;\r\n}\r\n\r\n\/* S\u1eecA L\u1ed6I FONT: D\u00f9ng font h\u1ec7 th\u1ed1ng t\u1ed1i \u01b0u nh\u1ea5t *\/\r\n.xl-premium-header { \r\n    width: 100%; \r\n    background: var(--xl-dark); \r\n    padding: 40px 0; \r\n    border-bottom: 2px solid var(--xl-green); \r\n    font-family: -apple-system, BlinkMacSystemFont, \"Segoe UI\", Helvetica, Arial, sans-serif, \"Apple Color Emoji\", \"Segoe UI Emoji\";\r\n    -webkit-font-smoothing: antialiased;\r\n}\r\n\r\n.xl-main-inner { max-width: 1100px; margin: 0 auto; padding: 0 20px; }\r\n\r\n\/* Label Chia s\u1ebb - Fix Font tuy\u1ec7t \u0111\u1ed1i *\/\r\n.xl-share-label { \r\n    color: var(--xl-gold); \r\n    font-size: 13px; \r\n    font-weight: 900; \r\n    margin-bottom: 15px; \r\n    display: block;\r\n    letter-spacing: 0px; \r\n}\r\n\r\n.xl-top-bar { display: flex; justify-content: space-between; align-items: center; margin-bottom: 20px; }\r\n.xl-badge-verified { color: var(--xl-gold); font-size: 12px; font-weight: 700; text-transform: uppercase; }\r\n.xl-countdown { background: var(--xl-green); color: #fff; padding: 5px 10px; border-radius: 4px; font-size: 11px; font-weight: 800; }\r\n.xl-countdown b { color: var(--xl-gold); font-size: 13px; margin: 0 2px; }\r\n\r\n.xl-h1-premium { color: #fff; font-size: clamp(22px, 4.5vw, 36px); font-weight: 800; margin-bottom: 25px; line-height: 1.2; }\r\n\r\n.xl-eeat-card { background: var(--xl-card); border-radius: 10px; padding: 20px; margin-bottom: 30px; border: 1px solid rgba(255,255,255,0.05); }\r\n.xl-author-meta { display: flex; align-items: center; gap: 12px; margin-bottom: 20px; border-bottom: 1px solid rgba(255,255,255,0.03); padding-bottom: 15px; }\r\n.xl-auth-avatar { width: 40px; height: 40px; background: var(--xl-green); color: var(--xl-gold); border-radius: 50%; display: flex; align-items: center; justify-content: center; font-weight: 900; border: 1px solid var(--xl-gold); }\r\n.xl-auth-name { color: #fff; font-weight: 700; font-size: 15px; }\r\n.xl-auth-date { color: #777; font-size: 12px; }\r\n\r\n\/* Social Grid - Use SVG Icons *\/\r\n.xl-share-grid { display: flex; flex-wrap: wrap; gap: 10px; }\r\n.s-btn {\r\n    width: 36px; height: 36px; border-radius: 50%; display: flex; align-items: center; justify-content: center;\r\n    background: #333; transition: 0.3s; overflow: hidden;\r\n}\r\n.s-btn svg { width: 18px; height: 18px; transition: 0.3s; }\r\n.s-btn:hover { transform: translateY(-3px); background: var(--xl-green); }\r\n.s-btn:hover svg { transform: scale(1.1); }\r\n.cp { background: var(--xl-gold); font-size: 16px; }\r\n\r\n\/* TOC *\/\r\n.xl-toc-v5-head { color: #fff; font-weight: 800; font-size: 15px; margin-bottom: 15px; border-left: 3px solid var(--xl-green); padding-left: 10px; }\r\n.xl-toc-v5-grid { list-style: none !important; padding: 0 !important; margin: 0 !important; display: grid; grid-template-columns: repeat(auto-fill, minmax(300px, 1fr)); gap: 10px 30px; }\r\n.xl-toc-v5-grid li a { color: #888; text-decoration: none; font-size: 14px; line-height: 1.5; transition: 0.2s; }\r\n.xl-toc-v5-grid li a:hover { color: var(--xl-gold); }\r\n\r\n@media (max-width: 768px) {\r\n    .xl-top-bar { flex-direction: column; align-items: flex-start; gap: 10px; }\r\n    .xl-countdown { width: 100%; text-align: center; }\r\n    .xl-toc-v5-grid { grid-template-columns: 1fr; }\r\n    .s-btn { width: 42px; height: 42px; } \/* Mobile cho icon to h\u1eb3n ra *\/\r\n}\r\n<\/style>\n\n","protected":false},"excerpt":{"rendered":"","protected":false},"author":1,"featured_media":0,"parent":0,"menu_order":0,"comment_status":"closed","ping_status":"closed","template":"","meta":{"footnotes":""},"class_list":["post-22","page","type-page","status-publish","hentry"],"_links":{"self":[{"href":"https:\/\/xoilacs3.tv\/wp-json\/wp\/v2\/pages\/22","targetHints":{"allow":["GET"]}}],"collection":[{"href":"https:\/\/xoilacs3.tv\/wp-json\/wp\/v2\/pages"}],"about":[{"href":"https:\/\/xoilacs3.tv\/wp-json\/wp\/v2\/types\/page"}],"author":[{"embeddable":true,"href":"https:\/\/xoilacs3.tv\/wp-json\/wp\/v2\/users\/1"}],"replies":[{"embeddable":true,"href":"https:\/\/xoilacs3.tv\/wp-json\/wp\/v2\/comments?post=22"}],"version-history":[{"count":2,"href":"https:\/\/xoilacs3.tv\/wp-json\/wp\/v2\/pages\/22\/revisions"}],"predecessor-version":[{"id":191,"href":"https:\/\/xoilacs3.tv\/wp-json\/wp\/v2\/pages\/22\/revisions\/191"}],"wp:attachment":[{"href":"https:\/\/xoilacs3.tv\/wp-json\/wp\/v2\/media?parent=22"}],"curies":[{"name":"wp","href":"https:\/\/api.w.org\/{rel}","templated":true}]}}